{"id":55,"date":"2024-11-06T14:56:03","date_gmt":"2024-11-06T17:56:03","guid":{"rendered":"https:\/\/tecskill.com.br\/site\/about\/"},"modified":"2024-11-06T14:56:28","modified_gmt":"2024-11-06T17:56:28","slug":"about","status":"publish","type":"page","link":"https:\/\/tecskill.com.br\/site\/about\/","title":{"rendered":"About"},"content":{"rendered":"\n<div class=\"wp-block-uagb-container uagb-block-41700def alignfull uagb-is-root-container\"><div class=\"uagb-container-inner-blocks-wrap\">\n<div class=\"wp-block-uagb-advanced-heading uagb-block-02771c86\"><h1 class=\"uagb-heading-text\">Sobre a Tecskill<\/h1><p class=\"uagb-desc-text\">Inova\u00e7\u00e3o em desenvolvimento de software. Solu\u00e7\u00f5es personalizadas para diversos setores.<\/p><\/div>\n<\/div><\/div>\n\n\n\n<div class=\"wp-block-uagb-container uagb-block-6a29494b alignfull uagb-is-root-container\"><div class=\"uagb-container-inner-blocks-wrap\">\n<div class=\"wp-block-uagb-container uagb-block-a30e429e\">\n<div class=\"wp-block-uagb-advanced-heading uagb-block-0792c003\"><h2 class=\"uagb-heading-text\">Nossa Hist\u00f3ria<\/h2><\/div>\n<\/div>\n\n\n\n<div class=\"wp-block-uagb-container uagb-block-7de03810\">\n<div class=\"wp-block-uagb-advanced-heading uagb-block-0dc249b4\"><p class=\"uagb-desc-text\">Fundada em 2015, a Tecskill nasceu com o objetivo de transformar o mercado de tecnologia em S\u00e3o Paulo. Desde ent\u00e3o, evolu\u00edmos constantemente, incorporando novas tecnologias e pr\u00e1ticas. Nossa equipe de desenvolvedores experientes tem se dedicado a entregar projetos que superam as expectativas de nossos clientes. Ao longo dos anos, constru\u00edmos uma reputa\u00e7\u00e3o com base na qualidade e inova\u00e7\u00e3o.<\/p><\/div>\n\n\n\n<div class=\"wp-block-uagb-advanced-heading uagb-block-3336a393\"><p class=\"uagb-desc-text\">Temos orgulho de atender uma variedade de setores, incluindo fintechs e e-commerce. Nossos clientes v\u00e3o desde startups at\u00e9 empresas consolidadas que buscam otimizar seus processos. A fideliza\u00e7\u00e3o dos nossos parceiros \u00e9 um testemunho da nossa dedica\u00e7\u00e3o \u00e0 excel\u00eancia e ao suporte cont\u00ednuo. Estamos sempre prontos para entender e atender as necessidades espec\u00edficas de cada um.<\/p><\/div>\n<\/div>\n<\/div><\/div>\n\n\n\n<div class=\"wp-block-uagb-container uagb-block-a1bf8aff alignfull uagb-is-root-container\"><div class=\"uagb-container-inner-blocks-wrap\">\n<div class=\"wp-block-uagb-image aligncenter uagb-block-9bfca074 wp-block-uagb-image--layout-default wp-block-uagb-image--effect-static wp-block-uagb-image--align-center\"><figure class=\"wp-block-uagb-image__figure\"><img loading=\"lazy\" decoding=\"async\" srcset=\"https:\/\/tecskill.com.br\/site\/wp-content\/uploads\/2024\/11\/pexels-photo-1181243.jpeg ,https:\/\/tecskill.com.br\/site\/wp-content\/uploads\/2024\/11\/pexels-photo-1181243.jpeg 780w, https:\/\/tecskill.com.br\/site\/wp-content\/uploads\/2024\/11\/pexels-photo-1181243.jpeg 360w\" sizes=\"(max-width: 480px) 150px\" src=\"https:\/\/tecskill.com.br\/site\/wp-content\/uploads\/2024\/11\/pexels-photo-1181243.jpeg\" alt=\"\" class=\"uag-image-1179\" width=\"1200\" height=\"500\" title=\"\" loading=\"lazy\" role=\"img\"\/><\/figure><\/div>\n<\/div><\/div>\n\n\n\n<div class=\"wp-block-uagb-container uagb-block-aad05072 alignfull uagb-is-root-container\"><div class=\"uagb-container-inner-blocks-wrap\">\n<div class=\"wp-block-uagb-container uagb-block-d6366cc2 alignfull uagb-is-root-container\"><div class=\"uagb-container-inner-blocks-wrap\">\n<div class=\"wp-block-uagb-advanced-heading uagb-block-30ea4553\"><h2 class=\"uagb-heading-text\">O que nos torna \u00fanicos<\/h2><\/div>\n\n\n\n<div class=\"wp-block-uagb-buttons uagb-buttons__outer-wrap uagb-btn__default-btn uagb-btn-tablet__default-btn uagb-btn-mobile__default-btn uagb-block-8b9cfdc4\"><div class=\"uagb-buttons__wrap uagb-buttons-layout-wrap\">\n<div class=\"wp-block-uagb-buttons-child uagb-buttons__outer-wrap uagb-block-3f6bac1c wp-block-button\"><div class=\"uagb-button__wrapper\"><a class=\"uagb-buttons-repeater wp-block-button__link\" aria-label=\"\" href=\"contact\/\" rel=\"follow noopener\" target=\"_self\"><div class=\"uagb-button__link\">Entre em Contato<\/div><\/a><\/div><\/div>\n<\/div><\/div>\n<\/div><\/div>\n\n\n\n<div class=\"wp-block-uagb-container uagb-block-e78a878f alignfull uagb-is-root-container\"><div class=\"uagb-container-inner-blocks-wrap\">\n<div class=\"wp-block-uagb-info-box uagb-block-ea7b5f16 uagb-infobox__content-wrap  uagb-infobox-icon-above-title uagb-infobox-image-valign-top\"><div class=\"uagb-ifb-content\"><div class=\"uagb-ifb-title-wrap\"><span class=\"uagb-ifb-title-prefix\">01<\/span><h3 class=\"uagb-ifb-title\">Solu\u00e7\u00f5es Personalizadas<\/h3><\/div><p class=\"uagb-ifb-desc\">Cada projeto \u00e9 adaptado \u00e0s necessidades do cliente, garantindo uma entrega exclusiva. A personaliza\u00e7\u00e3o \u00e9 parte central do nosso processo de desenvolvimento.<\/p><\/div><\/div>\n\n\n\n<div class=\"wp-block-uagb-info-box uagb-block-90d8542d uagb-infobox__content-wrap  uagb-infobox-icon-above-title uagb-infobox-image-valign-top\"><div class=\"uagb-ifb-content\"><div class=\"uagb-ifb-title-wrap\"><span class=\"uagb-ifb-title-prefix\">02<\/span><h3 class=\"uagb-ifb-title\">Equipe Especializada<\/h3><\/div><p class=\"uagb-ifb-desc\">Contamos com uma equipe de desenvolvedores altamente qualificados e experientes. Estamos sempre atualizados com as \u00faltimas tend\u00eancias e tecnologias do mercado.<\/p><\/div><\/div>\n\n\n\n<div class=\"wp-block-uagb-info-box uagb-block-ca8cb9b2 uagb-infobox__content-wrap  uagb-infobox-icon-above-title uagb-infobox-image-valign-top\"><div class=\"uagb-ifb-content\"><div class=\"uagb-ifb-title-wrap\"><span class=\"uagb-ifb-title-prefix\">03<\/span><h3 class=\"uagb-ifb-title\">Suporte Cont\u00ednuo<\/h3><\/div><p class=\"uagb-ifb-desc\">Oferecemos suporte t\u00e9cnico cont\u00ednuo e orienta\u00e7\u00e3o a nossos clientes. Estamos comprometidos com a satisfa\u00e7\u00e3o do cliente em cada etapa do projeto.<\/p><\/div><\/div>\n<\/div><\/div>\n<\/div><\/div>\n\n\n\n<div class=\"wp-block-uagb-container uagb-block-d5875940 alignfull uagb-is-root-container\"><div class=\"uagb-container-inner-blocks-wrap\">\n<div class=\"wp-block-uagb-advanced-heading uagb-block-6ffd615a\"><h2 class=\"uagb-heading-text\">Conhe\u00e7a Nossa Equipe de Especialistas<\/h2><\/div>\n\n\n\n<div class=\"wp-block-uagb-container uagb-block-157f29c7 alignfull uagb-is-root-container\"><div class=\"uagb-container-inner-blocks-wrap\">\n<div class=\"wp-block-uagb-container uagb-block-ecfbaf64\">\n<div class=\"wp-block-uagb-image alignleft uagb-block-37e7dfb5 wp-block-uagb-image--layout-default wp-block-uagb-image--effect-static wp-block-uagb-image--align-left\"><figure class=\"wp-block-uagb-image__figure\"><img loading=\"lazy\" decoding=\"async\" srcset=\"https:\/\/tecskill.com.br\/site\/wp-content\/uploads\/2023\/08\/team-skip-01-1.jpg ,https:\/\/tecskill.com.br\/site\/wp-content\/uploads\/2023\/08\/team-skip-01-1.jpg 780w, https:\/\/tecskill.com.br\/site\/wp-content\/uploads\/2023\/08\/team-skip-01-1.jpg 360w\" sizes=\"(max-width: 480px) 150px\" src=\"https:\/\/tecskill.com.br\/site\/wp-content\/uploads\/2023\/08\/team-skip-01-1.jpg\" alt=\"\" class=\"uag-image-167\" width=\"366\" height=\"380\" title=\"\" loading=\"lazy\" role=\"img\"\/><\/figure><\/div>\n\n\n\n<div class=\"wp-block-uagb-advanced-heading uagb-block-4fee11bd\"><h3 class=\"uagb-heading-text\">Shawn Marks<\/h3><p class=\"uagb-desc-text\">CEO<\/p><\/div>\n<\/div>\n\n\n\n<div class=\"wp-block-uagb-container uagb-block-bb4fd541\">\n<div class=\"wp-block-uagb-image alignleft uagb-block-6fd2d735 wp-block-uagb-image--layout-default wp-block-uagb-image--effect-static wp-block-uagb-image--align-left\"><figure class=\"wp-block-uagb-image__figure\"><img loading=\"lazy\" decoding=\"async\" srcset=\"https:\/\/tecskill.com.br\/site\/wp-content\/uploads\/2023\/08\/team-skip-02-1.jpg ,https:\/\/tecskill.com.br\/site\/wp-content\/uploads\/2023\/08\/team-skip-02-1.jpg 780w, https:\/\/tecskill.com.br\/site\/wp-content\/uploads\/2023\/08\/team-skip-02-1.jpg 360w\" sizes=\"(max-width: 480px) 150px\" src=\"https:\/\/tecskill.com.br\/site\/wp-content\/uploads\/2023\/08\/team-skip-02-1.jpg\" alt=\"\" class=\"uag-image-168\" width=\"366\" height=\"380\" title=\"\" loading=\"lazy\" role=\"img\"\/><\/figure><\/div>\n\n\n\n<div class=\"wp-block-uagb-advanced-heading uagb-block-73091e37\"><h3 class=\"uagb-heading-text\">Emma Johnson<\/h3><p class=\"uagb-desc-text\">COO<\/p><\/div>\n<\/div>\n\n\n\n<div class=\"wp-block-uagb-container uagb-block-e0ac47fe\">\n<div class=\"wp-block-uagb-image alignleft uagb-block-2f5e90f8 wp-block-uagb-image--layout-default wp-block-uagb-image--effect-static wp-block-uagb-image--align-left\"><figure class=\"wp-block-uagb-image__figure\"><img loading=\"lazy\" decoding=\"async\" srcset=\"https:\/\/tecskill.com.br\/site\/wp-content\/uploads\/2023\/08\/team-skip-03.jpg ,https:\/\/tecskill.com.br\/site\/wp-content\/uploads\/2023\/08\/team-skip-02-1.jpg 780w, https:\/\/tecskill.com.br\/site\/wp-content\/uploads\/2023\/08\/team-skip-03.jpg 360w\" sizes=\"(max-width: 480px) 150px\" src=\"https:\/\/tecskill.com.br\/site\/wp-content\/uploads\/2023\/08\/team-skip-03.jpg\" alt=\"\" class=\"uag-image-444\" width=\"366\" height=\"380\" title=\"\" loading=\"lazy\" role=\"img\"\/><\/figure><\/div>\n\n\n\n<div class=\"wp-block-uagb-advanced-heading uagb-block-e45d7755\"><h3 class=\"uagb-heading-text\">John Smith<\/h3><p class=\"uagb-desc-text\">CMO<\/p><\/div>\n<\/div>\n<\/div><\/div>\n<\/div><\/div>\n\n\n","protected":false},"excerpt":{"rendered":"<p>Sobre a Tecskill Inova\u00e7\u00e3o em desenvolvimento de software. Solu\u00e7\u00f5es personalizadas para diversos setores. Nossa Hist\u00f3ria Fundada em 2015, a Tecskill nasceu com o objetivo de transformar o mercado de tecnologia em S\u00e3o Paulo. Desde ent\u00e3o, evolu\u00edmos constantemente, incorporando novas tecnologias e pr\u00e1ticas. Nossa equipe de desenvolvedores experientes tem se dedicado a entregar projetos que superam [&hellip;]<\/p>\n","protected":false},"author":1,"featured_media":0,"parent":0,"menu_order":0,"comment_status":"closed","ping_status":"closed","template":"","meta":{"saved_in_kubio":false,"_uag_custom_page_level_css":"","site-sidebar-layout":"no-sidebar","site-content-layout":"plain-container","ast-site-content-layout":"full-width-container","site-content-style":"unboxed","site-sidebar-style":"unboxed","ast-global-header-display":"","ast-banner-title-visibility":"","ast-main-header-display":"","ast-hfb-above-header-display":"","ast-hfb-below-header-display":"","ast-hfb-mobile-header-display":"","site-post-title":"disabled","ast-breadcrumbs-content":"","ast-featured-img":"","footer-sml-layout":"","theme-transparent-header-meta":"enabled","adv-header-id-meta":"","stick-header-meta":"","header-above-stick-meta":"","header-main-stick-meta":"","header-below-stick-meta":"","astra-migrate-meta-layouts":"set","ast-page-background-enabled":"default","ast-page-background-meta":{"desktop":{"background-color":"var(--ast-global-color-4)","background-image":"","background-repeat":"repeat","background-position":"center center","background-size":"auto","background-attachment":"scroll","background-type":"","background-media":"","overlay-type":"","overlay-color":"","overlay-opacity":"","overlay-gradient":""},"tablet":{"background-color":"","background-image":"","background-repeat":"repeat","background-position":"center center","background-size":"auto","background-attachment":"scroll","background-type":"","background-media":"","overlay-type":"","overlay-color":"","overlay-opacity":"","overlay-gradient":""},"mobile":{"background-color":"","background-image":"","background-repeat":"repeat","background-position":"center center","background-size":"auto","background-attachment":"scroll","background-type":"","background-media":"","overlay-type":"","overlay-color":"","overlay-opacity":"","overlay-gradient":""}},"ast-content-background-meta":{"desktop":{"background-color":"var(--ast-global-color-5)","background-image":"","background-repeat":"repeat","background-position":"center center","background-size":"auto","background-attachment":"scroll","background-type":"","background-media":"","overlay-type":"","overlay-color":"","overlay-opacity":"","overlay-gradient":""},"tablet":{"background-color":"var(--ast-global-color-5)","background-image":"","background-repeat":"repeat","background-position":"center center","background-size":"auto","background-attachment":"scroll","background-type":"","background-media":"","overlay-type":"","overlay-color":"","overlay-opacity":"","overlay-gradient":""},"mobile":{"background-color":"var(--ast-global-color-5)","background-image":"","background-repeat":"repeat","background-position":"center center","background-size":"auto","background-attachment":"scroll","background-type":"","background-media":"","overlay-type":"","overlay-color":"","overlay-opacity":"","overlay-gradient":""}},"footnotes":""},"class_list":["post-55","page","type-page","status-publish","hentry"],"kubio_ai_page_context":{"short_desc":"","purpose":"general"},"yoast_head":"<!-- This site is optimized with the Yoast SEO plugin v25.0 - https:\/\/yoast.com\/wordpress\/plugins\/seo\/ -->\n<title>About - TECSKILL<\/title>\n<meta name=\"robots\" content=\"index, follow, max-snippet:-1, max-image-preview:large, max-video-preview:-1\" \/>\n<link rel=\"canonical\" href=\"https:\/\/tecskill.com.br\/site\/about\/\" \/>\n<meta property=\"og:locale\" content=\"pt_BR\" \/>\n<meta property=\"og:type\" content=\"article\" \/>\n<meta property=\"og:title\" content=\"About - TECSKILL\" \/>\n<meta property=\"og:description\" content=\"Sobre a Tecskill Inova\u00e7\u00e3o em desenvolvimento de software. Solu\u00e7\u00f5es personalizadas para diversos setores. Nossa Hist\u00f3ria Fundada em 2015, a Tecskill nasceu com o objetivo de transformar o mercado de tecnologia em S\u00e3o Paulo. Desde ent\u00e3o, evolu\u00edmos constantemente, incorporando novas tecnologias e pr\u00e1ticas. Nossa equipe de desenvolvedores experientes tem se dedicado a entregar projetos que superam [&hellip;]\" \/>\n<meta property=\"og:url\" content=\"https:\/\/tecskill.com.br\/site\/about\/\" \/>\n<meta property=\"og:site_name\" content=\"TECSKILL\" \/>\n<meta property=\"article:modified_time\" content=\"2024-11-06T17:56:28+00:00\" \/>\n<meta property=\"og:image\" content=\"https:\/\/tecskill.com.br\/site\/wp-content\/uploads\/2024\/11\/pexels-photo-1181243.jpeg\" \/>\n<meta name=\"twitter:card\" content=\"summary_large_image\" \/>\n<meta name=\"twitter:label1\" content=\"Est. tempo de leitura\" \/>\n\t<meta name=\"twitter:data1\" content=\"1 minuto\" \/>\n<script type=\"application\/ld+json\" class=\"yoast-schema-graph\">{\"@context\":\"https:\/\/schema.org\",\"@graph\":[{\"@type\":\"WebPage\",\"@id\":\"https:\/\/tecskill.com.br\/site\/about\/\",\"url\":\"https:\/\/tecskill.com.br\/site\/about\/\",\"name\":\"About - TECSKILL\",\"isPartOf\":{\"@id\":\"https:\/\/tecskill.com.br\/site\/#website\"},\"primaryImageOfPage\":{\"@id\":\"https:\/\/tecskill.com.br\/site\/about\/#primaryimage\"},\"image\":{\"@id\":\"https:\/\/tecskill.com.br\/site\/about\/#primaryimage\"},\"thumbnailUrl\":\"https:\/\/tecskill.com.br\/site\/wp-content\/uploads\/2024\/11\/pexels-photo-1181243.jpeg\",\"datePublished\":\"2024-11-06T17:56:03+00:00\",\"dateModified\":\"2024-11-06T17:56:28+00:00\",\"breadcrumb\":{\"@id\":\"https:\/\/tecskill.com.br\/site\/about\/#breadcrumb\"},\"inLanguage\":\"pt-BR\",\"potentialAction\":[{\"@type\":\"ReadAction\",\"target\":[\"https:\/\/tecskill.com.br\/site\/about\/\"]}]},{\"@type\":\"ImageObject\",\"inLanguage\":\"pt-BR\",\"@id\":\"https:\/\/tecskill.com.br\/site\/about\/#primaryimage\",\"url\":\"https:\/\/tecskill.com.br\/site\/wp-content\/uploads\/2024\/11\/pexels-photo-1181243.jpeg\",\"contentUrl\":\"https:\/\/tecskill.com.br\/site\/wp-content\/uploads\/2024\/11\/pexels-photo-1181243.jpeg\",\"width\":1280,\"height\":854,\"caption\":\"Black and Silver Laptop Computer on Round Brown Wooden Table\"},{\"@type\":\"BreadcrumbList\",\"@id\":\"https:\/\/tecskill.com.br\/site\/about\/#breadcrumb\",\"itemListElement\":[{\"@type\":\"ListItem\",\"position\":1,\"name\":\"In\u00edcio\",\"item\":\"https:\/\/tecskill.com.br\/site\/\"},{\"@type\":\"ListItem\",\"position\":2,\"name\":\"About\"}]},{\"@type\":\"WebSite\",\"@id\":\"https:\/\/tecskill.com.br\/site\/#website\",\"url\":\"https:\/\/tecskill.com.br\/site\/\",\"name\":\"TECSKILL\",\"description\":\"Solu\u00e7\u00f5es em Tecnologia e Desenvolvimento\",\"publisher\":{\"@id\":\"https:\/\/tecskill.com.br\/site\/#organization\"},\"potentialAction\":[{\"@type\":\"SearchAction\",\"target\":{\"@type\":\"EntryPoint\",\"urlTemplate\":\"https:\/\/tecskill.com.br\/site\/?s={search_term_string}\"},\"query-input\":{\"@type\":\"PropertyValueSpecification\",\"valueRequired\":true,\"valueName\":\"search_term_string\"}}],\"inLanguage\":\"pt-BR\"},{\"@type\":\"Organization\",\"@id\":\"https:\/\/tecskill.com.br\/site\/#organization\",\"name\":\"TECSKILL\",\"url\":\"https:\/\/tecskill.com.br\/site\/\",\"logo\":{\"@type\":\"ImageObject\",\"inLanguage\":\"pt-BR\",\"@id\":\"https:\/\/tecskill.com.br\/site\/#\/schema\/logo\/image\/\",\"url\":\"https:\/\/tecskill.com.br\/site\/wp-content\/uploads\/2024\/09\/logo-horizontal-roxa-png.png\",\"contentUrl\":\"https:\/\/tecskill.com.br\/site\/wp-content\/uploads\/2024\/09\/logo-horizontal-roxa-png.png\",\"width\":862,\"height\":286,\"caption\":\"TECSKILL\"},\"image\":{\"@id\":\"https:\/\/tecskill.com.br\/site\/#\/schema\/logo\/image\/\"}}]}<\/script>\n<!-- \/ Yoast SEO plugin. -->","yoast_head_json":{"title":"About - TECSKILL","robots":{"index":"index","follow":"follow","max-snippet":"max-snippet:-1","max-image-preview":"max-image-preview:large","max-video-preview":"max-video-preview:-1"},"canonical":"https:\/\/tecskill.com.br\/site\/about\/","og_locale":"pt_BR","og_type":"article","og_title":"About - TECSKILL","og_description":"Sobre a Tecskill Inova\u00e7\u00e3o em desenvolvimento de software. Solu\u00e7\u00f5es personalizadas para diversos setores. Nossa Hist\u00f3ria Fundada em 2015, a Tecskill nasceu com o objetivo de transformar o mercado de tecnologia em S\u00e3o Paulo. Desde ent\u00e3o, evolu\u00edmos constantemente, incorporando novas tecnologias e pr\u00e1ticas. Nossa equipe de desenvolvedores experientes tem se dedicado a entregar projetos que superam [&hellip;]","og_url":"https:\/\/tecskill.com.br\/site\/about\/","og_site_name":"TECSKILL","article_modified_time":"2024-11-06T17:56:28+00:00","og_image":[{"url":"https:\/\/tecskill.com.br\/site\/wp-content\/uploads\/2024\/11\/pexels-photo-1181243.jpeg","type":"","width":"","height":""}],"twitter_card":"summary_large_image","twitter_misc":{"Est. tempo de leitura":"1 minuto"},"schema":{"@context":"https:\/\/schema.org","@graph":[{"@type":"WebPage","@id":"https:\/\/tecskill.com.br\/site\/about\/","url":"https:\/\/tecskill.com.br\/site\/about\/","name":"About - TECSKILL","isPartOf":{"@id":"https:\/\/tecskill.com.br\/site\/#website"},"primaryImageOfPage":{"@id":"https:\/\/tecskill.com.br\/site\/about\/#primaryimage"},"image":{"@id":"https:\/\/tecskill.com.br\/site\/about\/#primaryimage"},"thumbnailUrl":"https:\/\/tecskill.com.br\/site\/wp-content\/uploads\/2024\/11\/pexels-photo-1181243.jpeg","datePublished":"2024-11-06T17:56:03+00:00","dateModified":"2024-11-06T17:56:28+00:00","breadcrumb":{"@id":"https:\/\/tecskill.com.br\/site\/about\/#breadcrumb"},"inLanguage":"pt-BR","potentialAction":[{"@type":"ReadAction","target":["https:\/\/tecskill.com.br\/site\/about\/"]}]},{"@type":"ImageObject","inLanguage":"pt-BR","@id":"https:\/\/tecskill.com.br\/site\/about\/#primaryimage","url":"https:\/\/tecskill.com.br\/site\/wp-content\/uploads\/2024\/11\/pexels-photo-1181243.jpeg","contentUrl":"https:\/\/tecskill.com.br\/site\/wp-content\/uploads\/2024\/11\/pexels-photo-1181243.jpeg","width":1280,"height":854,"caption":"Black and Silver Laptop Computer on Round Brown Wooden Table"},{"@type":"BreadcrumbList","@id":"https:\/\/tecskill.com.br\/site\/about\/#breadcrumb","itemListElement":[{"@type":"ListItem","position":1,"name":"In\u00edcio","item":"https:\/\/tecskill.com.br\/site\/"},{"@type":"ListItem","position":2,"name":"About"}]},{"@type":"WebSite","@id":"https:\/\/tecskill.com.br\/site\/#website","url":"https:\/\/tecskill.com.br\/site\/","name":"TECSKILL","description":"Solu\u00e7\u00f5es em Tecnologia e Desenvolvimento","publisher":{"@id":"https:\/\/tecskill.com.br\/site\/#organization"},"potentialAction":[{"@type":"SearchAction","target":{"@type":"EntryPoint","urlTemplate":"https:\/\/tecskill.com.br\/site\/?s={search_term_string}"},"query-input":{"@type":"PropertyValueSpecification","valueRequired":true,"valueName":"search_term_string"}}],"inLanguage":"pt-BR"},{"@type":"Organization","@id":"https:\/\/tecskill.com.br\/site\/#organization","name":"TECSKILL","url":"https:\/\/tecskill.com.br\/site\/","logo":{"@type":"ImageObject","inLanguage":"pt-BR","@id":"https:\/\/tecskill.com.br\/site\/#\/schema\/logo\/image\/","url":"https:\/\/tecskill.com.br\/site\/wp-content\/uploads\/2024\/09\/logo-horizontal-roxa-png.png","contentUrl":"https:\/\/tecskill.com.br\/site\/wp-content\/uploads\/2024\/09\/logo-horizontal-roxa-png.png","width":862,"height":286,"caption":"TECSKILL"},"image":{"@id":"https:\/\/tecskill.com.br\/site\/#\/schema\/logo\/image\/"}}]}},"uagb_featured_image_src":{"full":false,"thumbnail":false,"medium":false,"medium_large":false,"large":false,"1536x1536":false,"2048x2048":false,"kubio-fullhd":false,"sow-carousel-default":false},"uagb_author_info":{"display_name":"admin","author_link":"https:\/\/tecskill.com.br\/site\/author\/admintec\/"},"uagb_comment_info":0,"uagb_excerpt":"Sobre a Tecskill Inova\u00e7\u00e3o em desenvolvimento de software. Solu\u00e7\u00f5es personalizadas para diversos setores. Nossa Hist\u00f3ria Fundada em 2015, a Tecskill nasceu com o objetivo de transformar o mercado de tecnologia em S\u00e3o Paulo. Desde ent\u00e3o, evolu\u00edmos constantemente, incorporando novas tecnologias e pr\u00e1ticas. Nossa equipe de desenvolvedores experientes tem se dedicado a entregar projetos que superam&hellip;","_links":{"self":[{"href":"https:\/\/tecskill.com.br\/site\/wp-json\/wp\/v2\/pages\/55","targetHints":{"allow":["GET"]}}],"collection":[{"href":"https:\/\/tecskill.com.br\/site\/wp-json\/wp\/v2\/pages"}],"about":[{"href":"https:\/\/tecskill.com.br\/site\/wp-json\/wp\/v2\/types\/page"}],"author":[{"embeddable":true,"href":"https:\/\/tecskill.com.br\/site\/wp-json\/wp\/v2\/users\/1"}],"replies":[{"embeddable":true,"href":"https:\/\/tecskill.com.br\/site\/wp-json\/wp\/v2\/comments?post=55"}],"version-history":[{"count":2,"href":"https:\/\/tecskill.com.br\/site\/wp-json\/wp\/v2\/pages\/55\/revisions"}],"predecessor-version":[{"id":1219,"href":"https:\/\/tecskill.com.br\/site\/wp-json\/wp\/v2\/pages\/55\/revisions\/1219"}],"wp:attachment":[{"href":"https:\/\/tecskill.com.br\/site\/wp-json\/wp\/v2\/media?parent=55"}],"curies":[{"name":"wp","href":"https:\/\/api.w.org\/{rel}","templated":true}]}}